{"id":13435,"date":"2021-03-29T18:58:47","date_gmt":"2021-03-29T18:58:47","guid":{"rendered":"https:\/\/fuzyo.com\/depot-cv\/"},"modified":"2023-09-24T19:44:46","modified_gmt":"2023-09-24T19:44:46","slug":"depot-cv","status":"publish","type":"page","link":"https:\/\/fuzyo.com\/en\/depot-cv\/","title":{"rendered":"D\u00e9p\u00f4t cv"},"content":{"rendered":"\t\t<div data-elementor-type=\"wp-page\" data-elementor-id=\"13435\" class=\"elementor elementor-13435 elementor-4594\" data-elementor-post-type=\"page\">\n\t\t\t\t\t\t<section class=\"elementor-section elementor-top-section elementor-element elementor-element-43b39091 elementor-section-full_width elementor-section-height-min-height elementor-section-height-default elementor-section-items-middle\" data-id=\"43b39091\" data-element_type=\"section\" id=\"hero\" data-settings=\"{&quot;background_background&quot;:&quot;classic&quot;}\">\n\t\t\t\t\t\t<div class=\"elementor-container elementor-column-gap-default\">\n\t\t\t\t\t<div class=\"elementor-column elementor-col-100 elementor-top-column elementor-element elementor-element-443a0859\" data-id=\"443a0859\" data-element_type=\"column\" id=\"text\">\n\t\t\t<div class=\"elementor-widget-wrap elementor-element-populated\">\n\t\t\t\t\t\t<div class=\"elementor-element elementor-element-5481009a elementor-widget elementor-widget-heading\" data-id=\"5481009a\" data-element_type=\"widget\" id=\"title\" data-widget_type=\"heading.default\">\n\t\t\t\t<div class=\"elementor-widget-container\">\n\t\t\t<h1 class=\"elementor-heading-title elementor-size-default\"><span class=\"pt\"><font color=\"#ffffff\" face=\"lato-black, sans-serif\">Join US<\/font>.<\/span><\/h1>\t\t<\/div>\n\t\t\t\t<\/div>\n\t\t\t\t<div class=\"elementor-element elementor-element-47829a77 elementor-widget elementor-widget-text-editor\" data-id=\"47829a77\" data-element_type=\"widget\" data-widget_type=\"text-editor.default\">\n\t\t\t\t<div class=\"elementor-widget-container\">\n\t\t\t\t\t\t\tSmall studio with grand ideas making sure people get what their businesses really need.\t\t\t\t\t\t<\/div>\n\t\t\t\t<\/div>\n\t\t\t\t\t<\/div>\n\t\t<\/div>\n\t\t\t\t\t<\/div>\n\t\t<\/section>\n\t\t\t\t<section class=\"elementor-section elementor-top-section elementor-element elementor-element-5ae4895 elementor-section-boxed elementor-section-height-default elementor-section-height-default\" data-id=\"5ae4895\" data-element_type=\"section\">\n\t\t\t\t\t\t<div class=\"elementor-container elementor-column-gap-default\">\n\t\t\t\t\t<div class=\"elementor-column elementor-col-100 elementor-top-column elementor-element elementor-element-c7af75c\" data-id=\"c7af75c\" data-element_type=\"column\">\n\t\t\t<div class=\"elementor-widget-wrap elementor-element-populated\">\n\t\t\t\t\t\t<div class=\"elementor-element elementor-element-1f24630 elementor-widget elementor-widget-shortcode\" data-id=\"1f24630\" data-element_type=\"widget\" data-widget_type=\"shortcode.default\">\n\t\t\t\t<div class=\"elementor-widget-container\">\n\t\t\t\t\t<div class=\"elementor-shortcode\">\t\t<div data-elementor-type=\"section\" data-elementor-id=\"13410\" class=\"elementor elementor-13410 elementor-8685\" data-elementor-post-type=\"elementor_library\">\n\t\t\t\t\t<section class=\"elementor-section elementor-top-section elementor-element elementor-element-6b7945c4 elementor-section-boxed elementor-section-height-default elementor-section-height-default\" data-id=\"6b7945c4\" data-element_type=\"section\" id=\"balayer\" data-settings=\"{&quot;background_background&quot;:&quot;classic&quot;}\">\n\t\t\t\t\t\t<div class=\"elementor-container elementor-column-gap-default\">\n\t\t\t\t\t<div class=\"elementor-column elementor-col-100 elementor-top-column elementor-element elementor-element-12d46b6d\" data-id=\"12d46b6d\" data-element_type=\"column\">\n\t\t\t<div class=\"elementor-widget-wrap elementor-element-populated\">\n\t\t\t\t\t\t<div class=\"elementor-element elementor-element-5b5d6a49 chevrondown1  elementor-widget elementor-widget-image\" data-id=\"5b5d6a49\" data-element_type=\"widget\" data-widget_type=\"image.default\">\n\t\t\t\t<div class=\"elementor-widget-container\">\n\t\t\t\t\t\t\t\t\t\t\t\t\t\t<a href=\"#section\">\n\t\t\t\t\t\t\t<img decoding=\"async\" width=\"19\" height=\"19\" src=\"https:\/\/fuzyo.com\/wp-content\/uploads\/2021\/06\/arrow-bottom.png\" class=\"attachment-large size-large wp-image-8660\" alt=\"\" \/>\t\t\t\t\t\t\t\t<\/a>\n\t\t\t\t\t\t\t\t\t\t\t\t\t<\/div>\n\t\t\t\t<\/div>\n\t\t\t\t\t<\/div>\n\t\t<\/div>\n\t\t\t\t\t<\/div>\n\t\t<\/section>\n\t\t\t\t<\/div>\n\t\t<\/div>\n\t\t\t\t<\/div>\n\t\t\t\t<\/div>\n\t\t\t\t\t<\/div>\n\t\t<\/div>\n\t\t\t\t\t<\/div>\n\t\t<\/section>\n\t\t\t\t<section class=\"elementor-section elementor-top-section elementor-element elementor-element-7199d436 elementor-section-content-middle elementor-section-boxed elementor-section-height-default elementor-section-height-default\" data-id=\"7199d436\" data-element_type=\"section\" id=\"section\">\n\t\t\t\t\t\t<div class=\"elementor-container elementor-column-gap-default\">\n\t\t\t\t\t<div class=\"elementor-column elementor-col-100 elementor-top-column elementor-element elementor-element-7985546f\" data-id=\"7985546f\" data-element_type=\"column\">\n\t\t\t<div class=\"elementor-widget-wrap elementor-element-populated\">\n\t\t\t\t\t\t<div class=\"elementor-element elementor-element-1ffee8bf elementor-widget elementor-widget-heading\" data-id=\"1ffee8bf\" data-element_type=\"widget\" id=\"hideThis\" data-widget_type=\"heading.default\">\n\t\t\t\t<div class=\"elementor-widget-container\">\n\t\t\t<h2 class=\"elementor-heading-title elementor-size-default\">D\u00e9poser votre CV<\/h2>\t\t<\/div>\n\t\t\t\t<\/div>\n\t\t\t\t<div class=\"elementor-element elementor-element-cee9ec5 elementor-widget elementor-widget-shortcode\" data-id=\"cee9ec5\" data-element_type=\"widget\" data-widget_type=\"shortcode.default\">\n\t\t\t\t<div class=\"elementor-widget-container\">\n\t\t\t\t\t<div class=\"elementor-shortcode\"><div class=\"elementor-element elementor-element-1ffee8bf elementor-widget elementor-widget-heading\" data-id=\"1ffee8bf\" data-element_type=\"widget\" data-widget_type=\"heading.default\">\n<div class=\"elementor-widget-container\">\n<h2 class=\"elementor-heading-title elementor-size-default\">D\u00e9posez votre CV<\/h2> <\/div>\n<\/div><\/div>\n\t\t\t\t<\/div>\n\t\t\t\t<\/div>\n\t\t\t\t<div class=\"elementor-element elementor-element-e7e9a9c elementor-widget-divider--view-line elementor-widget elementor-widget-divider\" data-id=\"e7e9a9c\" data-element_type=\"widget\" data-widget_type=\"divider.default\">\n\t\t\t\t<div class=\"elementor-widget-container\">\n\t\t\t\t\t<div class=\"elementor-divider\">\n\t\t\t<span class=\"elementor-divider-separator\">\n\t\t\t\t\t\t<\/span>\n\t\t<\/div>\n\t\t\t\t<\/div>\n\t\t\t\t<\/div>\n\t\t\t\t<div class=\"elementor-element elementor-element-6f46a2b elementor-widget elementor-widget-heading\" data-id=\"6f46a2b\" data-element_type=\"widget\" id=\"hideThis\" data-widget_type=\"heading.default\">\n\t\t\t\t<div class=\"elementor-widget-container\">\n\t\t\t<h3 class=\"elementor-heading-title elementor-size-default\">Information g\u00e9n\u00e9ral<\/h3>\t\t<\/div>\n\t\t\t\t<\/div>\n\t\t\t\t<div class=\"elementor-element elementor-element-65d4bfc elementor-widget elementor-widget-shortcode\" data-id=\"65d4bfc\" data-element_type=\"widget\" data-widget_type=\"shortcode.default\">\n\t\t\t\t<div class=\"elementor-widget-container\">\n\t\t\t\t\t<div class=\"elementor-shortcode\"><p class=\"wpcf7-contact-form-not-found\"><strong>Error:<\/strong> Contact form not found.<\/p><\/div>\n\t\t\t\t<\/div>\n\t\t\t\t<\/div>\n\t\t\t\t\t<\/div>\n\t\t<\/div>\n\t\t\t\t\t<\/div>\n\t\t<\/section>\n\t\t\t\t<\/div>\n\t\t","protected":false},"excerpt":{"rendered":"<p>Join US. Small studio with grand ideas making sure people get what their businesses really need. D\u00e9poser votre CV Information g\u00e9n\u00e9ral<\/p>\n","protected":false},"author":2,"featured_media":0,"parent":0,"menu_order":0,"comment_status":"closed","ping_status":"closed","template":"elementor_header_footer","meta":{"_acf_changed":false,"footnotes":""},"class_list":["post-13435","page","type-page","status-publish","hentry"],"acf":[],"yoast_head":"<!-- This site is optimized with the Yoast SEO plugin v22.3 - https:\/\/yoast.com\/wordpress\/plugins\/seo\/ -->\n<title>D\u00e9p\u00f4t cv - Fuzyo<\/title>\n<meta name=\"robots\" content=\"index, follow, max-snippet:-1, max-image-preview:large, max-video-preview:-1\" \/>\n<link rel=\"canonical\" href=\"https:\/\/fuzyo.com\/depot-cv\/\" \/>\n<meta property=\"og:locale\" content=\"en_US\" \/>\n<meta property=\"og:type\" content=\"article\" \/>\n<meta property=\"og:title\" content=\"D\u00e9p\u00f4t cv - Fuzyo\" \/>\n<meta property=\"og:description\" content=\"Join US. Small studio with grand ideas making sure people get what their businesses really need. D\u00e9poser votre CV Information g\u00e9n\u00e9ral\" \/>\n<meta property=\"og:url\" content=\"https:\/\/fuzyo.com\/depot-cv\/\" \/>\n<meta property=\"og:site_name\" content=\"Fuzyo\" \/>\n<meta property=\"article:modified_time\" content=\"2023-09-24T19:44:46+00:00\" \/>\n<meta name=\"twitter:card\" content=\"summary_large_image\" \/>\n<meta name=\"twitter:label1\" content=\"Est. reading time\" \/>\n\t<meta name=\"twitter:data1\" content=\"1 minute\" \/>\n<script type=\"application\/ld+json\" class=\"yoast-schema-graph\">{\"@context\":\"https:\/\/schema.org\",\"@graph\":[{\"@type\":\"WebPage\",\"@id\":\"https:\/\/fuzyo.com\/depot-cv\/\",\"url\":\"https:\/\/fuzyo.com\/depot-cv\/\",\"name\":\"D\u00e9p\u00f4t cv - Fuzyo\",\"isPartOf\":{\"@id\":\"https:\/\/fuzyo.com\/#website\"},\"datePublished\":\"2021-03-29T18:58:47+00:00\",\"dateModified\":\"2023-09-24T19:44:46+00:00\",\"breadcrumb\":{\"@id\":\"https:\/\/fuzyo.com\/depot-cv\/#breadcrumb\"},\"inLanguage\":\"en-US\",\"potentialAction\":[{\"@type\":\"ReadAction\",\"target\":[\"https:\/\/fuzyo.com\/depot-cv\/\"]}]},{\"@type\":\"BreadcrumbList\",\"@id\":\"https:\/\/fuzyo.com\/depot-cv\/#breadcrumb\",\"itemListElement\":[{\"@type\":\"ListItem\",\"position\":1,\"name\":\"Accueil\",\"item\":\"https:\/\/fuzyo.com\/\"},{\"@type\":\"ListItem\",\"position\":2,\"name\":\"D\u00e9p\u00f4t cv\"}]},{\"@type\":\"WebSite\",\"@id\":\"https:\/\/fuzyo.com\/#website\",\"url\":\"https:\/\/fuzyo.com\/\",\"name\":\"Fuzyo\",\"description\":\"\",\"potentialAction\":[{\"@type\":\"SearchAction\",\"target\":{\"@type\":\"EntryPoint\",\"urlTemplate\":\"https:\/\/fuzyo.com\/?s={search_term_string}\"},\"query-input\":\"required name=search_term_string\"}],\"inLanguage\":\"en-US\"}]}<\/script>\n<!-- \/ Yoast SEO plugin. -->","yoast_head_json":{"title":"D\u00e9p\u00f4t cv - Fuzyo","robots":{"index":"index","follow":"follow","max-snippet":"max-snippet:-1","max-image-preview":"max-image-preview:large","max-video-preview":"max-video-preview:-1"},"canonical":"https:\/\/fuzyo.com\/depot-cv\/","og_locale":"en_US","og_type":"article","og_title":"D\u00e9p\u00f4t cv - Fuzyo","og_description":"Join US. Small studio with grand ideas making sure people get what their businesses really need. D\u00e9poser votre CV Information g\u00e9n\u00e9ral","og_url":"https:\/\/fuzyo.com\/depot-cv\/","og_site_name":"Fuzyo","article_modified_time":"2023-09-24T19:44:46+00:00","twitter_card":"summary_large_image","twitter_misc":{"Est. reading time":"1 minute"},"schema":{"@context":"https:\/\/schema.org","@graph":[{"@type":"WebPage","@id":"https:\/\/fuzyo.com\/depot-cv\/","url":"https:\/\/fuzyo.com\/depot-cv\/","name":"D\u00e9p\u00f4t cv - Fuzyo","isPartOf":{"@id":"https:\/\/fuzyo.com\/#website"},"datePublished":"2021-03-29T18:58:47+00:00","dateModified":"2023-09-24T19:44:46+00:00","breadcrumb":{"@id":"https:\/\/fuzyo.com\/depot-cv\/#breadcrumb"},"inLanguage":"en-US","potentialAction":[{"@type":"ReadAction","target":["https:\/\/fuzyo.com\/depot-cv\/"]}]},{"@type":"BreadcrumbList","@id":"https:\/\/fuzyo.com\/depot-cv\/#breadcrumb","itemListElement":[{"@type":"ListItem","position":1,"name":"Accueil","item":"https:\/\/fuzyo.com\/"},{"@type":"ListItem","position":2,"name":"D\u00e9p\u00f4t cv"}]},{"@type":"WebSite","@id":"https:\/\/fuzyo.com\/#website","url":"https:\/\/fuzyo.com\/","name":"Fuzyo","description":"","potentialAction":[{"@type":"SearchAction","target":{"@type":"EntryPoint","urlTemplate":"https:\/\/fuzyo.com\/?s={search_term_string}"},"query-input":"required name=search_term_string"}],"inLanguage":"en-US"}]}},"_links":{"self":[{"href":"https:\/\/fuzyo.com\/en\/wp-json\/wp\/v2\/pages\/13435","targetHints":{"allow":["GET"]}}],"collection":[{"href":"https:\/\/fuzyo.com\/en\/wp-json\/wp\/v2\/pages"}],"about":[{"href":"https:\/\/fuzyo.com\/en\/wp-json\/wp\/v2\/types\/page"}],"author":[{"embeddable":true,"href":"https:\/\/fuzyo.com\/en\/wp-json\/wp\/v2\/users\/2"}],"replies":[{"embeddable":true,"href":"https:\/\/fuzyo.com\/en\/wp-json\/wp\/v2\/comments?post=13435"}],"version-history":[{"count":9,"href":"https:\/\/fuzyo.com\/en\/wp-json\/wp\/v2\/pages\/13435\/revisions"}],"predecessor-version":[{"id":13804,"href":"https:\/\/fuzyo.com\/en\/wp-json\/wp\/v2\/pages\/13435\/revisions\/13804"}],"wp:attachment":[{"href":"https:\/\/fuzyo.com\/en\/wp-json\/wp\/v2\/media?parent=13435"}],"curies":[{"name":"wp","href":"https:\/\/api.w.org\/{rel}","templated":true}]}}