{"id":13408,"date":"2021-07-28T00:34:23","date_gmt":"2021-07-28T00:34:23","guid":{"rendered":"https:\/\/fuzyo.com\/mentions-legales\/"},"modified":"2021-07-28T00:34:23","modified_gmt":"2021-07-28T00:34:23","slug":"mentions-legales","status":"publish","type":"page","link":"https:\/\/fuzyo.com\/en\/mentions-legales\/","title":{"rendered":"Mentions l\u00e9gales"},"content":{"rendered":"\t\t<div data-elementor-type=\"wp-page\" data-elementor-id=\"13408\" class=\"elementor elementor-13408 elementor-9980\" data-elementor-post-type=\"page\">\n\t\t\t\t\t\t<section class=\"elementor-section elementor-top-section elementor-element elementor-element-288f64c5 elementor-section-full_width elementor-section-height-min-height elementor-section-height-default elementor-section-items-middle\" data-id=\"288f64c5\" data-element_type=\"section\" id=\"hero\" data-settings=\"{&quot;background_background&quot;:&quot;classic&quot;}\">\n\t\t\t\t\t\t\t<div class=\"elementor-background-overlay\"><\/div>\n\t\t\t\t\t\t\t<div class=\"elementor-container elementor-column-gap-default\">\n\t\t\t\t\t<div class=\"elementor-column elementor-col-100 elementor-top-column elementor-element elementor-element-1fcb6c6\" data-id=\"1fcb6c6\" data-element_type=\"column\">\n\t\t\t<div class=\"elementor-widget-wrap elementor-element-populated\">\n\t\t\t\t\t\t<div class=\"elementor-element elementor-element-ce2b4b7 elementor-widget elementor-widget-heading\" data-id=\"ce2b4b7\" data-element_type=\"widget\" id=\"title\" data-widget_type=\"heading.default\">\n\t\t\t\t<div class=\"elementor-widget-container\">\n\t\t\t<h1 class=\"elementor-heading-title elementor-size-default\"><span class=\"pt\"><font color=\"#ffffff\" face=\"lato-black, sans-serif\">Mentions L\u00e9gales<\/font>.<\/span><\/h1>\t\t<\/div>\n\t\t\t\t<\/div>\n\t\t\t\t<div class=\"elementor-element elementor-element-18d8534c elementor-widget elementor-widget-text-editor\" data-id=\"18d8534c\" data-element_type=\"widget\" data-widget_type=\"text-editor.default\">\n\t\t\t\t<div class=\"elementor-widget-container\">\n\t\t\t\t\t\t\t<p>Small studio with grand ideas making sure people <br \/>get what their businesses really need.<\/p>\t\t\t\t\t\t<\/div>\n\t\t\t\t<\/div>\n\t\t\t\t\t<\/div>\n\t\t<\/div>\n\t\t\t\t\t<\/div>\n\t\t<\/section>\n\t\t\t\t<section class=\"elementor-section elementor-top-section elementor-element elementor-element-5730ff0 elementor-section-boxed elementor-section-height-default elementor-section-height-default\" data-id=\"5730ff0\" data-element_type=\"section\">\n\t\t\t\t\t\t<div class=\"elementor-container elementor-column-gap-default\">\n\t\t\t\t\t<div class=\"elementor-column elementor-col-100 elementor-top-column elementor-element elementor-element-56e726f\" data-id=\"56e726f\" data-element_type=\"column\">\n\t\t\t<div class=\"elementor-widget-wrap elementor-element-populated\">\n\t\t\t\t\t\t<div class=\"elementor-element elementor-element-581e24b elementor-widget elementor-widget-shortcode\" data-id=\"581e24b\" data-element_type=\"widget\" data-widget_type=\"shortcode.default\">\n\t\t\t\t<div class=\"elementor-widget-container\">\n\t\t\t\t\t<div class=\"elementor-shortcode\">\t\t<div data-elementor-type=\"section\" data-elementor-id=\"13410\" class=\"elementor elementor-13410 elementor-8685\" data-elementor-post-type=\"elementor_library\">\n\t\t\t\t\t<section class=\"elementor-section elementor-top-section elementor-element elementor-element-6b7945c4 elementor-section-boxed elementor-section-height-default elementor-section-height-default\" data-id=\"6b7945c4\" data-element_type=\"section\" id=\"balayer\" data-settings=\"{&quot;background_background&quot;:&quot;classic&quot;}\">\n\t\t\t\t\t\t<div class=\"elementor-container elementor-column-gap-default\">\n\t\t\t\t\t<div class=\"elementor-column elementor-col-100 elementor-top-column elementor-element elementor-element-12d46b6d\" data-id=\"12d46b6d\" data-element_type=\"column\">\n\t\t\t<div class=\"elementor-widget-wrap elementor-element-populated\">\n\t\t\t\t\t\t<div class=\"elementor-element elementor-element-5b5d6a49 chevrondown1  elementor-widget elementor-widget-image\" data-id=\"5b5d6a49\" data-element_type=\"widget\" data-widget_type=\"image.default\">\n\t\t\t\t<div class=\"elementor-widget-container\">\n\t\t\t\t\t\t\t\t\t\t\t\t\t\t<a href=\"#section\">\n\t\t\t\t\t\t\t<img decoding=\"async\" width=\"19\" height=\"19\" src=\"https:\/\/fuzyo.com\/wp-content\/uploads\/2021\/06\/arrow-bottom.png\" class=\"attachment-large size-large wp-image-8660\" alt=\"\" \/>\t\t\t\t\t\t\t\t<\/a>\n\t\t\t\t\t\t\t\t\t\t\t\t\t<\/div>\n\t\t\t\t<\/div>\n\t\t\t\t\t<\/div>\n\t\t<\/div>\n\t\t\t\t\t<\/div>\n\t\t<\/section>\n\t\t\t\t<\/div>\n\t\t<\/div>\n\t\t\t\t<\/div>\n\t\t\t\t<\/div>\n\t\t\t\t\t<\/div>\n\t\t<\/div>\n\t\t\t\t\t<\/div>\n\t\t<\/section>\n\t\t\t\t<section class=\"elementor-section elementor-top-section elementor-element elementor-element-5251766 elementor-section-boxed elementor-section-height-default elementor-section-height-default\" data-id=\"5251766\" data-element_type=\"section\" data-settings=\"{&quot;background_background&quot;:&quot;classic&quot;}\">\n\t\t\t\t\t\t<div class=\"elementor-container elementor-column-gap-default\">\n\t\t\t\t\t<div class=\"elementor-column elementor-col-100 elementor-top-column elementor-element elementor-element-409b991\" data-id=\"409b991\" data-element_type=\"column\">\n\t\t\t<div class=\"elementor-widget-wrap elementor-element-populated\">\n\t\t\t\t\t\t\t<\/div>\n\t\t<\/div>\n\t\t\t\t\t<\/div>\n\t\t<\/section>\n\t\t\t\t<section class=\"elementor-section elementor-top-section elementor-element elementor-element-cd808a1 elementor-section-content-middle elementor-section-boxed elementor-section-height-default elementor-section-height-default\" data-id=\"cd808a1\" data-element_type=\"section\" data-settings=\"{&quot;background_background&quot;:&quot;classic&quot;}\">\n\t\t\t\t\t\t<div class=\"elementor-container elementor-column-gap-default\">\n\t\t\t\t\t<div class=\"elementor-column elementor-col-100 elementor-top-column elementor-element elementor-element-9b1b63d\" data-id=\"9b1b63d\" data-element_type=\"column\">\n\t\t\t<div class=\"elementor-widget-wrap elementor-element-populated\">\n\t\t\t\t\t\t<div class=\"elementor-element elementor-element-ecb278a elementor-widget elementor-widget-text-editor\" data-id=\"ecb278a\" data-element_type=\"widget\" data-widget_type=\"text-editor.default\">\n\t\t\t\t<div class=\"elementor-widget-container\">\n\t\t\t\t\t\t\t<p style=\"margin-bottom: 10px; font-family: Ubuntu; font-size: 14px; line-height: 1.2; color: #00091d; text-align: justify; background-color: #ffffff;\"><span style=\"font-weight: bold;\">Raison sociale\u00a0<\/span>: ILYEUM SAS<\/p><p style=\"margin-bottom: 10px; font-family: Ubuntu; font-size: 14px; line-height: 1.2; color: #00091d; text-align: justify; background-color: #ffffff;\"><span style=\"font-weight: bold;\">Statut juridique\u00a0<\/span>: SAS (soci\u00e9t\u00e9 par actions simplifi\u00e9e) au capital de 110.000 euros<\/p><p style=\"margin-bottom: 10px; font-family: Ubuntu; font-size: 14px; line-height: 1.2; color: #00091d; text-align: justify; background-color: #ffffff;\"><span style=\"font-weight: bold;\">Si\u00e8ge social\u00a0<\/span>: 10 rue Ch\u00e2teaudun 75009 PARIS \u2013 525 254 462\u00a0 R.C.S. PARIS<\/p><p style=\"margin-bottom: 10px; font-family: Ubuntu; font-size: 14px; line-height: 1.2; color: #00091d; text-align: justify; background-color: #ffffff;\"><span style=\"font-weight: bold;\">Contact<\/span>\u00a0: 01.83.81.96.00 \/ info@studio.fuzyo.dev<\/p><p style=\"margin-bottom: 10px; font-family: Ubuntu; font-size: 14px; line-height: 1.2; color: #00091d; text-align: justify; background-color: #ffffff;\">L\u2019utilisation de ce site Web entra\u00eene l\u2019acceptation des conditions ci-dessous expos\u00e9es.<br \/>Pour toute information li\u00e9e \u00e0 son fonctionnement ou son utilisation, vous pouvez adresser un mail \u00e0 son\u00a0administrateur.<\/p><h3 style=\"font-family: Ubuntu, sans-serif; font-weight: bold; line-height: 1.1em; color: #666666; margin-top: 20px; margin-bottom: 20px; font-size: 24px; background-color: #ffffff;\">Propri\u00e9t\u00e9 Intellectuelle<\/h3><p style=\"margin-bottom: 10px; font-family: Ubuntu; font-size: 14px; line-height: 1.2; color: #00091d; text-align: justify; background-color: #ffffff;\">La structure g\u00e9n\u00e9rale, ainsi que les textes, photos, images et sons composant ce site sont la propri\u00e9t\u00e9 d\u2019ILYEUM. Toute reproduction, totale ou partielle, de ce site ou d\u2019un ou de plusieurs de ses composants, par quelque proc\u00e9d\u00e9 que ce soit, sans autorisation expresse d\u2019ILYEUM, est interdite, et constituerait une contrefa\u00e7on sanctionn\u00e9e par les articles L.335-2 et suivants du Code de la propri\u00e9t\u00e9 intellectuelle.<\/p><p style=\"margin-bottom: 10px; font-family: Ubuntu; font-size: 14px; line-height: 1.2; color: #00091d; text-align: justify; background-color: #ffffff;\">Les informations, pictogrammes, photographies, images, textes, s\u00e9quences vid\u00e9o, anim\u00e9es sonores ou non, et autres documents accessibles sur le pr\u00e9sent site Internet sont soumis aux lois prot\u00e9geant le droit d\u2019auteur et au respect des droits de propri\u00e9t\u00e9 industrielle et\/ou intellectuelle et sont selon les cas, propri\u00e9t\u00e9 d\u2019ILYEUM ou de tiers ayant autoris\u00e9 limitativement ILYEUM \u00e0 les utiliser. A ce titre, toute reproduction, repr\u00e9sentation, adaptation, traduction et\/ou transformation, partielle ou int\u00e9grale, ou transfert sur un autre site sont interdits. La copie \u00e0 usage priv\u00e9 de ces diff\u00e9rents objets de droits est autoris\u00e9e. Leur reproduction partielle ou int\u00e9grale, sans l\u2019accord pr\u00e9alable et \u00e9crit d\u2019ILYEUM est strictement interdit, \u00e0 l\u2019exception de celles r\u00e9alis\u00e9es pour les besoins de la presse.<\/p><p style=\"margin-bottom: 10px; font-family: Ubuntu; font-size: 14px; line-height: 1.2; color: #00091d; text-align: justify; background-color: #ffffff;\">Les marques et logos d\u2019ILYEUM figurant sur le site sont des marques et des logos d\u00e9pos\u00e9s. Toute reproduction totale ou partielle de ces marques ou logos sans autorisation pr\u00e9alable et \u00e9crite d\u2019ILYEUM est prohib\u00e9e.<\/p><p style=\"margin-bottom: 10px; font-family: Ubuntu; font-size: 14px; line-height: 1.2; color: #00091d; text-align: justify; background-color: #ffffff;\">Les liens hypertextes externes mis en place dans le cadre du pr\u00e9sent site et les contenus des sites de tiers vers lesquels ils pointent ne sauraient engager la responsabilit\u00e9 d\u2019ILYEUM.<\/p><p style=\"margin-bottom: 10px; font-family: Ubuntu; font-size: 14px; line-height: 1.2; color: #00091d; text-align: justify; background-color: #ffffff;\">\u00a0<\/p><h3 style=\"font-family: Ubuntu, sans-serif; font-weight: bold; line-height: 1.1em; color: #666666; margin-top: 20px; margin-bottom: 20px; font-size: 24px; background-color: #ffffff;\">Donn\u00e9es personnelles<\/h3><p style=\"margin-bottom: 10px; font-family: Ubuntu; font-size: 14px; line-height: 1.2; color: #00091d; text-align: justify; background-color: #ffffff;\">Conform\u00e9ment \u00e0 la loi N\u00b0 78-17 du 6 janvier 1978 relative \u00e0 l\u2019informatique, aux fichiers et aux libert\u00e9s modifi\u00e9e par la loi N\u00b0 2004-801 du 6 ao\u00fbt 2004, ce site Web a \u00e9t\u00e9 enregistr\u00e9 dans la liste des bases de donn\u00e9es personnelles d\u2019ILYEUM.<\/p><p style=\"margin-bottom: 10px; font-family: Ubuntu; font-size: 14px; line-height: 1.2; color: #00091d; text-align: justify; background-color: #ffffff;\">Ces donn\u00e9es ont \u00e9t\u00e9 obtenues et trait\u00e9es loyalement et licitement\/ Elles sont destin\u00e9es \u00e0 ILYEUM et ne sauraient \u00eatre transmises \u00e0 un tiers.<\/p><p style=\"margin-bottom: 10px; font-family: Ubuntu; font-size: 14px; line-height: 1.2; color: #00091d; text-align: justify; background-color: #ffffff;\">En application des dispositions des lois du 6 janvier 1978 et 6 ao\u00fbt 2004 pr\u00e9cit\u00e9es, les utilisateurs sont inform\u00e9s qu\u2019ils disposent d\u2019un droit d\u2019acc\u00e8s aux informations personnelles les concernant, d\u2019un droit de modification et de suppression des dites informations. Ces droits peuvent \u00eatre exerc\u00e9s sur simple demande \u00e9crite ou \u00e9lectronique aupr\u00e8s l\u2019administrateur du site.<\/p><h3 style=\"font-family: Ubuntu, sans-serif; font-weight: bold; line-height: 1.1em; color: #666666; margin-top: 20px; margin-bottom: 20px; font-size: 24px; background-color: #ffffff;\">Limitation de responsabilit\u00e9<\/h3><p style=\"margin-bottom: 10px; font-family: Ubuntu; font-size: 14px; line-height: 1.2; color: #00091d; text-align: justify; background-color: #ffffff;\">Les informations et documents pr\u00e9sents sur ce site Web n\u2019ont pas de caract\u00e8re contractuel et ne sauraient engager ILYEUM au titre de prestations de services ou de conseil rendus aux utilisateurs du pr\u00e9sent site.<\/p><p style=\"margin-bottom: 10px; font-family: Ubuntu; font-size: 14px; line-height: 1.2; color: #00091d; text-align: justify; background-color: #ffffff;\">ILYEUM n\u2019apporte aucune garantie sur l\u2019utilisation des informations pr\u00e9sentes sur son site et ne saurait en cons\u00e9quence en aucun cas \u00eatre tenue responsable des dommages r\u00e9sultant de l\u2019utilisation qui pourrait en \u00eatre faite, ni d\u2019erreurs ou d\u2019omissions dans les informations pr\u00e9sent\u00e9s ou de dysfonctionnement dans l\u2019acc\u00e8s \u00e0 ces informations.<\/p><p style=\"margin-bottom: 10px; font-family: Ubuntu; font-size: 14px; line-height: 1.2; color: #00091d; text-align: justify; background-color: #ffffff;\">Les risques li\u00e9s \u00e0 leur utilisation incombent donc exclusivement \u00e0 leurs utilisateurs qui prendront soin de se conformer \u00e0 leurs conditions d\u2019utilisation respectives.<\/p>\t\t\t\t\t\t<\/div>\n\t\t\t\t<\/div>\n\t\t\t\t\t<\/div>\n\t\t<\/div>\n\t\t\t\t\t<\/div>\n\t\t<\/section>\n\t\t\t\t<\/div>\n\t\t","protected":false},"excerpt":{"rendered":"<p>Mentions L\u00e9gales. Small studio with grand ideas making sure people get what their businesses really need. Raison sociale\u00a0: ILYEUM SAS Statut juridique\u00a0: SAS (soci\u00e9t\u00e9 par actions simplifi\u00e9e) au capital de 110.000 euros Si\u00e8ge social\u00a0: 10 rue Ch\u00e2teaudun 75009 PARIS \u2013 525 254 462\u00a0 R.C.S. PARIS Contact\u00a0: 01.83.81.96.00 \/ info@studio.fuzyo.dev L\u2019utilisation de ce site Web entra\u00eene [&hellip;]<\/p>\n","protected":false},"author":3,"featured_media":0,"parent":0,"menu_order":0,"comment_status":"closed","ping_status":"closed","template":"elementor_header_footer","meta":{"_acf_changed":false,"footnotes":""},"class_list":["post-13408","page","type-page","status-publish","hentry"],"acf":[],"yoast_head":"<!-- This site is optimized with the Yoast SEO plugin v22.3 - https:\/\/yoast.com\/wordpress\/plugins\/seo\/ -->\n<title>Mentions l\u00e9gales - Fuzyo<\/title>\n<meta name=\"robots\" content=\"index, follow, max-snippet:-1, max-image-preview:large, max-video-preview:-1\" \/>\n<link rel=\"canonical\" href=\"https:\/\/fuzyo.com\/mentions-legales\/\" \/>\n<meta property=\"og:locale\" content=\"en_US\" \/>\n<meta property=\"og:type\" content=\"article\" \/>\n<meta property=\"og:title\" content=\"Mentions l\u00e9gales - Fuzyo\" \/>\n<meta property=\"og:description\" content=\"Mentions L\u00e9gales. Small studio with grand ideas making sure people get what their businesses really need. Raison sociale\u00a0: ILYEUM SAS Statut juridique\u00a0: SAS (soci\u00e9t\u00e9 par actions simplifi\u00e9e) au capital de 110.000 euros Si\u00e8ge social\u00a0: 10 rue Ch\u00e2teaudun 75009 PARIS \u2013 525 254 462\u00a0 R.C.S. PARIS Contact\u00a0: 01.83.81.96.00 \/ info@studio.fuzyo.dev L\u2019utilisation de ce site Web entra\u00eene [&hellip;]\" \/>\n<meta property=\"og:url\" content=\"https:\/\/fuzyo.com\/mentions-legales\/\" \/>\n<meta property=\"og:site_name\" content=\"Fuzyo\" \/>\n<meta name=\"twitter:card\" content=\"summary_large_image\" \/>\n<meta name=\"twitter:label1\" content=\"Est. reading time\" \/>\n\t<meta name=\"twitter:data1\" content=\"4 minutes\" \/>\n<script type=\"application\/ld+json\" class=\"yoast-schema-graph\">{\"@context\":\"https:\/\/schema.org\",\"@graph\":[{\"@type\":\"WebPage\",\"@id\":\"https:\/\/fuzyo.com\/mentions-legales\/\",\"url\":\"https:\/\/fuzyo.com\/mentions-legales\/\",\"name\":\"Mentions l\u00e9gales - Fuzyo\",\"isPartOf\":{\"@id\":\"https:\/\/fuzyo.com\/#website\"},\"datePublished\":\"2021-07-28T00:34:23+00:00\",\"dateModified\":\"2021-07-28T00:34:23+00:00\",\"breadcrumb\":{\"@id\":\"https:\/\/fuzyo.com\/mentions-legales\/#breadcrumb\"},\"inLanguage\":\"en-US\",\"potentialAction\":[{\"@type\":\"ReadAction\",\"target\":[\"https:\/\/fuzyo.com\/mentions-legales\/\"]}]},{\"@type\":\"BreadcrumbList\",\"@id\":\"https:\/\/fuzyo.com\/mentions-legales\/#breadcrumb\",\"itemListElement\":[{\"@type\":\"ListItem\",\"position\":1,\"name\":\"Accueil\",\"item\":\"https:\/\/fuzyo.com\/\"},{\"@type\":\"ListItem\",\"position\":2,\"name\":\"Mentions l\u00e9gales\"}]},{\"@type\":\"WebSite\",\"@id\":\"https:\/\/fuzyo.com\/#website\",\"url\":\"https:\/\/fuzyo.com\/\",\"name\":\"Fuzyo\",\"description\":\"\",\"potentialAction\":[{\"@type\":\"SearchAction\",\"target\":{\"@type\":\"EntryPoint\",\"urlTemplate\":\"https:\/\/fuzyo.com\/?s={search_term_string}\"},\"query-input\":\"required name=search_term_string\"}],\"inLanguage\":\"en-US\"}]}<\/script>\n<!-- \/ Yoast SEO plugin. -->","yoast_head_json":{"title":"Mentions l\u00e9gales - Fuzyo","robots":{"index":"index","follow":"follow","max-snippet":"max-snippet:-1","max-image-preview":"max-image-preview:large","max-video-preview":"max-video-preview:-1"},"canonical":"https:\/\/fuzyo.com\/mentions-legales\/","og_locale":"en_US","og_type":"article","og_title":"Mentions l\u00e9gales - Fuzyo","og_description":"Mentions L\u00e9gales. Small studio with grand ideas making sure people get what their businesses really need. Raison sociale\u00a0: ILYEUM SAS Statut juridique\u00a0: SAS (soci\u00e9t\u00e9 par actions simplifi\u00e9e) au capital de 110.000 euros Si\u00e8ge social\u00a0: 10 rue Ch\u00e2teaudun 75009 PARIS \u2013 525 254 462\u00a0 R.C.S. PARIS Contact\u00a0: 01.83.81.96.00 \/ info@studio.fuzyo.dev L\u2019utilisation de ce site Web entra\u00eene [&hellip;]","og_url":"https:\/\/fuzyo.com\/mentions-legales\/","og_site_name":"Fuzyo","twitter_card":"summary_large_image","twitter_misc":{"Est. reading time":"4 minutes"},"schema":{"@context":"https:\/\/schema.org","@graph":[{"@type":"WebPage","@id":"https:\/\/fuzyo.com\/mentions-legales\/","url":"https:\/\/fuzyo.com\/mentions-legales\/","name":"Mentions l\u00e9gales - Fuzyo","isPartOf":{"@id":"https:\/\/fuzyo.com\/#website"},"datePublished":"2021-07-28T00:34:23+00:00","dateModified":"2021-07-28T00:34:23+00:00","breadcrumb":{"@id":"https:\/\/fuzyo.com\/mentions-legales\/#breadcrumb"},"inLanguage":"en-US","potentialAction":[{"@type":"ReadAction","target":["https:\/\/fuzyo.com\/mentions-legales\/"]}]},{"@type":"BreadcrumbList","@id":"https:\/\/fuzyo.com\/mentions-legales\/#breadcrumb","itemListElement":[{"@type":"ListItem","position":1,"name":"Accueil","item":"https:\/\/fuzyo.com\/"},{"@type":"ListItem","position":2,"name":"Mentions l\u00e9gales"}]},{"@type":"WebSite","@id":"https:\/\/fuzyo.com\/#website","url":"https:\/\/fuzyo.com\/","name":"Fuzyo","description":"","potentialAction":[{"@type":"SearchAction","target":{"@type":"EntryPoint","urlTemplate":"https:\/\/fuzyo.com\/?s={search_term_string}"},"query-input":"required name=search_term_string"}],"inLanguage":"en-US"}]}},"_links":{"self":[{"href":"https:\/\/fuzyo.com\/en\/wp-json\/wp\/v2\/pages\/13408","targetHints":{"allow":["GET"]}}],"collection":[{"href":"https:\/\/fuzyo.com\/en\/wp-json\/wp\/v2\/pages"}],"about":[{"href":"https:\/\/fuzyo.com\/en\/wp-json\/wp\/v2\/types\/page"}],"author":[{"embeddable":true,"href":"https:\/\/fuzyo.com\/en\/wp-json\/wp\/v2\/users\/3"}],"replies":[{"embeddable":true,"href":"https:\/\/fuzyo.com\/en\/wp-json\/wp\/v2\/comments?post=13408"}],"version-history":[{"count":0,"href":"https:\/\/fuzyo.com\/en\/wp-json\/wp\/v2\/pages\/13408\/revisions"}],"wp:attachment":[{"href":"https:\/\/fuzyo.com\/en\/wp-json\/wp\/v2\/media?parent=13408"}],"curies":[{"name":"wp","href":"https:\/\/api.w.org\/{rel}","templated":true}]}}